{"id":25,"date":"2025-02-11T20:55:28","date_gmt":"2025-02-12T01:55:28","guid":{"rendered":"http:\/\/cromotex.reservashoteleltamboasia.com\/?page_id=25"},"modified":"2025-03-05T20:45:31","modified_gmt":"2025-03-06T01:45:31","slug":"empresa-2","status":"publish","type":"page","link":"https:\/\/cromotex.reservashoteleltamboasia.com\/?page_id=25","title":{"rendered":"EMPRESA"},"content":{"rendered":"\t\t<div data-elementor-type=\"wp-page\" data-elementor-id=\"25\" class=\"elementor elementor-25\" data-elementor-post-type=\"page\">\n\t\t\t\t<div class=\"elementor-element elementor-element-1779d85 e-con-full e-flex e-con e-parent\" data-id=\"1779d85\" data-element_type=\"container\" data-settings=\"{&quot;background_background&quot;:&quot;classic&quot;}\">\n\t\t<div class=\"elementor-element elementor-element-1f514f9 e-con-full e-flex e-con e-child\" data-id=\"1f514f9\" data-element_type=\"container\">\n\t\t\t\t<div class=\"elementor-element elementor-element-3448767 elementor-widget elementor-widget-heading\" data-id=\"3448767\" data-element_type=\"widget\" data-widget_type=\"heading.default\">\n\t\t\t\t<div class=\"elementor-widget-container\">\n\t\t\t\t\t<h1 class=\"elementor-heading-title elementor-size-default\">Empresa<\/h1>\t\t\t\t<\/div>\n\t\t\t\t<\/div>\n\t\t\t\t<\/div>\n\t\t\t\t<\/div>\n\t\t<div class=\"elementor-element elementor-element-7aa1362 e-flex e-con-boxed e-con e-parent\" data-id=\"7aa1362\" data-element_type=\"container\">\n\t\t\t\t\t<div class=\"e-con-inner\">\n\t\t<div class=\"elementor-element elementor-element-c14678b e-con-full e-flex e-con e-child\" data-id=\"c14678b\" data-element_type=\"container\">\n\t\t\t\t<div class=\"elementor-element elementor-element-5c4820d elementor-widget elementor-widget-heading\" data-id=\"5c4820d\" data-element_type=\"widget\" data-widget_type=\"heading.default\">\n\t\t\t\t<div class=\"elementor-widget-container\">\n\t\t\t\t\t<h3 class=\"elementor-heading-title elementor-size-default\">Cromotex S.A es una empresa textil peruana\ncon m\u00e1s de 50 a\u00f1os de experiencia.<\/h3>\t\t\t\t<\/div>\n\t\t\t\t<\/div>\n\t\t\t\t<\/div>\n\t\t\t\t\t<\/div>\n\t\t\t\t<\/div>\n\t\t<div class=\"elementor-element elementor-element-8efe7ac e-flex e-con-boxed e-con e-parent\" data-id=\"8efe7ac\" data-element_type=\"container\">\n\t\t\t\t\t<div class=\"e-con-inner\">\n\t\t\t\t<div class=\"elementor-element elementor-element-34acd2e elementor-skin-carousel elementor-arrows-yes elementor-pagination-type-bullets elementor-pagination-position-outside elementor-widget elementor-widget-media-carousel\" data-id=\"34acd2e\" data-element_type=\"widget\" data-settings=\"{&quot;skin&quot;:&quot;carousel&quot;,&quot;effect&quot;:&quot;slide&quot;,&quot;show_arrows&quot;:&quot;yes&quot;,&quot;pagination&quot;:&quot;bullets&quot;,&quot;speed&quot;:500,&quot;autoplay&quot;:&quot;yes&quot;,&quot;autoplay_speed&quot;:5000,&quot;loop&quot;:&quot;yes&quot;,&quot;pause_on_hover&quot;:&quot;yes&quot;,&quot;pause_on_interaction&quot;:&quot;yes&quot;,&quot;space_between&quot;:{&quot;unit&quot;:&quot;px&quot;,&quot;size&quot;:10,&quot;sizes&quot;:[]},&quot;space_between_tablet&quot;:{&quot;unit&quot;:&quot;px&quot;,&quot;size&quot;:10,&quot;sizes&quot;:[]},&quot;space_between_mobile&quot;:{&quot;unit&quot;:&quot;px&quot;,&quot;size&quot;:10,&quot;sizes&quot;:[]}}\" data-widget_type=\"media-carousel.default\">\n\t\t\t\t<div class=\"elementor-widget-container\">\n\t\t\t\t\t\t\t\t\t<div class=\"elementor-swiper\">\n\t\t\t\t\t<div class=\"elementor-main-swiper swiper\" role=\"region\" aria-roledescription=\"carousel\" aria-label=\"Slides\">\n\t\t\t\t<div class=\"swiper-wrapper\">\n\t\t\t\t\t\t\t\t\t\t\t<div class=\"swiper-slide\" role=\"group\" aria-roledescription=\"slide\">\n\t\t\t\t\t\t\t\t\t<div class=\"elementor-carousel-image\" role=\"img\" aria-label=\"DSC_8436\" style=\"background-image: url(&#039;https:\/\/cromotex.reservashoteleltamboasia.com\/wp-content\/uploads\/2025\/02\/DSC_8436-scaled.jpg&#039;)\">\n\n\t\t\t\n\t\t\t\t\t<\/div>\n\t\t\t\t\t\t\t\t<\/div>\n\t\t\t\t\t\t\t\t\t\t\t<div class=\"swiper-slide\" role=\"group\" aria-roledescription=\"slide\">\n\t\t\t\t\t\t\t\t\t<div class=\"elementor-carousel-image\" role=\"img\" aria-label=\"DSC_8417\" style=\"background-image: url(&#039;https:\/\/cromotex.reservashoteleltamboasia.com\/wp-content\/uploads\/2025\/02\/DSC_8417-scaled.jpg&#039;)\">\n\n\t\t\t\n\t\t\t\t\t<\/div>\n\t\t\t\t\t\t\t\t<\/div>\n\t\t\t\t\t\t\t\t\t\t\t<div class=\"swiper-slide\" role=\"group\" aria-roledescription=\"slide\">\n\t\t\t\t\t\t\t\t\t<div class=\"elementor-carousel-image\" role=\"img\" aria-label=\"DSC_8300\" style=\"background-image: url(&#039;https:\/\/cromotex.reservashoteleltamboasia.com\/wp-content\/uploads\/2025\/02\/DSC_8300-scaled.jpg&#039;)\">\n\n\t\t\t\n\t\t\t\t\t<\/div>\n\t\t\t\t\t\t\t\t<\/div>\n\t\t\t\t\t\t\t\t\t\t\t<div class=\"swiper-slide\" role=\"group\" aria-roledescription=\"slide\">\n\t\t\t\t\t\t\t\t\t<div class=\"elementor-carousel-image\" role=\"img\" aria-label=\"DSC_8380\" style=\"background-image: url(&#039;https:\/\/cromotex.reservashoteleltamboasia.com\/wp-content\/uploads\/2025\/02\/DSC_8380-scaled.jpg&#039;)\">\n\n\t\t\t\n\t\t\t\t\t<\/div>\n\t\t\t\t\t\t\t\t<\/div>\n\t\t\t\t\t\t\t\t\t\t\t<div class=\"swiper-slide\" role=\"group\" aria-roledescription=\"slide\">\n\t\t\t\t\t\t\t\t\t<div class=\"elementor-carousel-image\" role=\"img\" aria-label=\"DSC_8279\" style=\"background-image: url(&#039;https:\/\/cromotex.reservashoteleltamboasia.com\/wp-content\/uploads\/2025\/02\/DSC_8279-scaled.jpg&#039;)\">\n\n\t\t\t\n\t\t\t\t\t<\/div>\n\t\t\t\t\t\t\t\t<\/div>\n\t\t\t\t\t\t\t\t\t<\/div>\n\t\t\t\t\t\t\t\t\t\t\t\t\t\t\t<div class=\"swiper-pagination\"><\/div>\n\t\t\t\t\t\t\t\t\t\t\t\t\t\t\t\t<div class=\"elementor-swiper-button elementor-swiper-button-prev\" role=\"button\" tabindex=\"0\" aria-label=\"Previous\">\n\t\t\t\t\t\t\t<svg aria-hidden=\"true\" class=\"e-font-icon-svg e-eicon-chevron-left\" viewBox=\"0 0 1000 1000\" xmlns=\"http:\/\/www.w3.org\/2000\/svg\"><path d=\"M646 125C629 125 613 133 604 142L308 442C296 454 292 471 292 487 292 504 296 521 308 533L604 854C617 867 629 875 646 875 663 875 679 871 692 858 704 846 713 829 713 812 713 796 708 779 692 767L438 487 692 225C700 217 708 204 708 187 708 171 704 154 692 142 675 129 663 125 646 125Z\"><\/path><\/svg>\t\t\t\t\t\t<\/div>\n\t\t\t\t\t\t<div class=\"elementor-swiper-button elementor-swiper-button-next\" role=\"button\" tabindex=\"0\" aria-label=\"Next\">\n\t\t\t\t\t\t\t<svg aria-hidden=\"true\" class=\"e-font-icon-svg e-eicon-chevron-right\" viewBox=\"0 0 1000 1000\" xmlns=\"http:\/\/www.w3.org\/2000\/svg\"><path d=\"M696 533C708 521 713 504 713 487 713 471 708 454 696 446L400 146C388 133 375 125 354 125 338 125 325 129 313 142 300 154 292 171 292 187 292 204 296 221 308 233L563 492 304 771C292 783 288 800 288 817 288 833 296 850 308 863 321 871 338 875 354 875 371 875 388 867 400 854L696 533Z\"><\/path><\/svg>\t\t\t\t\t\t<\/div>\n\t\t\t\t\t\t\t\t\t\t\t\t<\/div>\n\t\t\t\t<\/div>\n\t\t\t\t\t\t\t\t<\/div>\n\t\t\t\t<\/div>\n\t\t\t\t<div class=\"elementor-element elementor-element-95af544 elementor-widget elementor-widget-text-editor\" data-id=\"95af544\" data-element_type=\"widget\" data-widget_type=\"text-editor.default\">\n\t\t\t\t<div class=\"elementor-widget-container\">\n\t\t\t\t\t\t\t\t\t<p>Con una trayectoria de m\u00e1s de cincuenta a\u00f1os en la industria textil, Industrial Cromotex S.A. es una empresa l\u00edder en el mercado dedicada a la elaboraci\u00f3n de hilado te\u00f1ido 100% acr\u00edlico en diferentes t\u00edtulos (Nm), para el uso textil en general. La empresa tiene sus instalaciones en la Av. V\u00edctor Ra\u00fal Haya de la Torre 520, Distrito de Santa Anita, Lima.<\/p>\t\t\t\t\t\t\t\t<\/div>\n\t\t\t\t<\/div>\n\t\t\t\t\t<\/div>\n\t\t\t\t<\/div>\n\t\t<div class=\"elementor-element elementor-element-5d80a25 e-flex e-con-boxed e-con e-parent\" data-id=\"5d80a25\" data-element_type=\"container\">\n\t\t\t\t\t<div class=\"e-con-inner\">\n\t\t<div class=\"elementor-element elementor-element-4954bf2 e-con-full e-flex e-con e-child\" data-id=\"4954bf2\" data-element_type=\"container\">\n\t\t\t\t<div class=\"elementor-element elementor-element-bfdfd6c elementor-widget elementor-widget-image\" data-id=\"bfdfd6c\" data-element_type=\"widget\" data-widget_type=\"image.default\">\n\t\t\t\t<div class=\"elementor-widget-container\">\n\t\t\t\t\t\t\t\t\t\t\t\t\t\t\t<img fetchpriority=\"high\" decoding=\"async\" width=\"580\" height=\"387\" src=\"https:\/\/cromotex.reservashoteleltamboasia.com\/wp-content\/uploads\/2025\/02\/DSC_8231-1024x683.jpg\" class=\"attachment-large size-large wp-image-362\" alt=\"\" srcset=\"https:\/\/cromotex.reservashoteleltamboasia.com\/wp-content\/uploads\/2025\/02\/DSC_8231-1024x683.jpg 1024w, https:\/\/cromotex.reservashoteleltamboasia.com\/wp-content\/uploads\/2025\/02\/DSC_8231-300x200.jpg 300w, https:\/\/cromotex.reservashoteleltamboasia.com\/wp-content\/uploads\/2025\/02\/DSC_8231-768x512.jpg 768w, https:\/\/cromotex.reservashoteleltamboasia.com\/wp-content\/uploads\/2025\/02\/DSC_8231-1536x1024.jpg 1536w, https:\/\/cromotex.reservashoteleltamboasia.com\/wp-content\/uploads\/2025\/02\/DSC_8231-2048x1365.jpg 2048w, https:\/\/cromotex.reservashoteleltamboasia.com\/wp-content\/uploads\/2025\/02\/DSC_8231-1200x800.jpg 1200w, https:\/\/cromotex.reservashoteleltamboasia.com\/wp-content\/uploads\/2025\/02\/DSC_8231-1980x1320.jpg 1980w\" sizes=\"(max-width: 580px) 100vw, 580px\" \/>\t\t\t\t\t\t\t\t\t\t\t\t\t\t\t<\/div>\n\t\t\t\t<\/div>\n\t\t\t\t<\/div>\n\t\t<div class=\"elementor-element elementor-element-fcd367d e-con-full e-flex e-con e-child\" data-id=\"fcd367d\" data-element_type=\"container\">\n\t\t\t\t<div class=\"elementor-element elementor-element-0f2ff7a elementor-widget elementor-widget-heading\" data-id=\"0f2ff7a\" data-element_type=\"widget\" data-widget_type=\"heading.default\">\n\t\t\t\t<div class=\"elementor-widget-container\">\n\t\t\t\t\t<h3 class=\"elementor-heading-title elementor-size-default\">Misi\u00f3n<\/h3>\t\t\t\t<\/div>\n\t\t\t\t<\/div>\n\t\t\t\t<div class=\"elementor-element elementor-element-7309197 elementor-widget elementor-widget-text-editor\" data-id=\"7309197\" data-element_type=\"widget\" data-widget_type=\"text-editor.default\">\n\t\t\t\t<div class=\"elementor-widget-container\">\n\t\t\t\t\t\t\t\t\t<p>Lorem fistrum por la gloria de mi madre esse jarl aliqua llevame al sircoo. De la pradera ullamco qu\u00e9 dise usteer est\u00e1 la cosa muy malar.<\/p>\t\t\t\t\t\t\t\t<\/div>\n\t\t\t\t<\/div>\n\t\t\t\t<\/div>\n\t\t\t\t\t<\/div>\n\t\t\t\t<\/div>\n\t\t<div class=\"elementor-element elementor-element-45776c7 e-flex e-con-boxed e-con e-parent\" data-id=\"45776c7\" data-element_type=\"container\">\n\t\t\t\t\t<div class=\"e-con-inner\">\n\t\t<div class=\"elementor-element elementor-element-42fa7ea e-con-full e-flex e-con e-child\" data-id=\"42fa7ea\" data-element_type=\"container\">\n\t\t\t\t<div class=\"elementor-element elementor-element-6d7162d elementor-widget elementor-widget-image\" data-id=\"6d7162d\" data-element_type=\"widget\" data-widget_type=\"image.default\">\n\t\t\t\t<div class=\"elementor-widget-container\">\n\t\t\t\t\t\t\t\t\t\t\t\t\t\t\t<img decoding=\"async\" width=\"580\" height=\"387\" src=\"https:\/\/cromotex.reservashoteleltamboasia.com\/wp-content\/uploads\/2025\/02\/DSC_8224-1024x683.jpg\" class=\"attachment-large size-large wp-image-361\" alt=\"\" srcset=\"https:\/\/cromotex.reservashoteleltamboasia.com\/wp-content\/uploads\/2025\/02\/DSC_8224-1024x683.jpg 1024w, https:\/\/cromotex.reservashoteleltamboasia.com\/wp-content\/uploads\/2025\/02\/DSC_8224-300x200.jpg 300w, https:\/\/cromotex.reservashoteleltamboasia.com\/wp-content\/uploads\/2025\/02\/DSC_8224-768x512.jpg 768w, https:\/\/cromotex.reservashoteleltamboasia.com\/wp-content\/uploads\/2025\/02\/DSC_8224-1536x1024.jpg 1536w, https:\/\/cromotex.reservashoteleltamboasia.com\/wp-content\/uploads\/2025\/02\/DSC_8224-2048x1365.jpg 2048w, https:\/\/cromotex.reservashoteleltamboasia.com\/wp-content\/uploads\/2025\/02\/DSC_8224-1200x800.jpg 1200w, https:\/\/cromotex.reservashoteleltamboasia.com\/wp-content\/uploads\/2025\/02\/DSC_8224-1980x1320.jpg 1980w\" sizes=\"(max-width: 580px) 100vw, 580px\" \/>\t\t\t\t\t\t\t\t\t\t\t\t\t\t\t<\/div>\n\t\t\t\t<\/div>\n\t\t\t\t<\/div>\n\t\t<div class=\"elementor-element elementor-element-6344269 e-con-full e-flex e-con e-child\" data-id=\"6344269\" data-element_type=\"container\">\n\t\t\t\t<div class=\"elementor-element elementor-element-76800af elementor-widget elementor-widget-heading\" data-id=\"76800af\" data-element_type=\"widget\" data-widget_type=\"heading.default\">\n\t\t\t\t<div class=\"elementor-widget-container\">\n\t\t\t\t\t<h3 class=\"elementor-heading-title elementor-size-default\">Visi\u00f3n<\/h3>\t\t\t\t<\/div>\n\t\t\t\t<\/div>\n\t\t\t\t<div class=\"elementor-element elementor-element-5ebba69 elementor-widget elementor-widget-text-editor\" data-id=\"5ebba69\" data-element_type=\"widget\" data-widget_type=\"text-editor.default\">\n\t\t\t\t<div class=\"elementor-widget-container\">\n\t\t\t\t\t\t\t\t\t<p>Lorem fistrum por la gloria de mi madre esse jarl aliqua llevame al sircoo. De la pradera ullamco qu\u00e9 dise usteer est\u00e1 la cosa muy malar.<\/p>\t\t\t\t\t\t\t\t<\/div>\n\t\t\t\t<\/div>\n\t\t\t\t<\/div>\n\t\t\t\t\t<\/div>\n\t\t\t\t<\/div>\n\t\t\t\t<\/div>\n\t\t","protected":false},"excerpt":{"rendered":"<p>Empresa Cromotex S.A es una empresa textil peruana con m\u00e1s de 50 a\u00f1os de experiencia. Con una trayectoria de m\u00e1s de cincuenta a\u00f1os en la industria textil, Industrial Cromotex S.A. es una empresa l\u00edder en el mercado dedicada a la elaboraci\u00f3n de hilado te\u00f1ido 100% acr\u00edlico en diferentes t\u00edtulos (Nm), para el uso textil en [&hellip;]<\/p>\n","protected":false},"author":1,"featured_media":0,"parent":0,"menu_order":0,"comment_status":"closed","ping_status":"closed","template":"elementor_header_footer","meta":{"footnotes":""},"class_list":["post-25","page","type-page","status-publish","hentry"],"_links":{"self":[{"href":"https:\/\/cromotex.reservashoteleltamboasia.com\/index.php?rest_route=\/wp\/v2\/pages\/25","targetHints":{"allow":["GET"]}}],"collection":[{"href":"https:\/\/cromotex.reservashoteleltamboasia.com\/index.php?rest_route=\/wp\/v2\/pages"}],"about":[{"href":"https:\/\/cromotex.reservashoteleltamboasia.com\/index.php?rest_route=\/wp\/v2\/types\/page"}],"author":[{"embeddable":true,"href":"https:\/\/cromotex.reservashoteleltamboasia.com\/index.php?rest_route=\/wp\/v2\/users\/1"}],"replies":[{"embeddable":true,"href":"https:\/\/cromotex.reservashoteleltamboasia.com\/index.php?rest_route=%2Fwp%2Fv2%2Fcomments&post=25"}],"version-history":[{"count":22,"href":"https:\/\/cromotex.reservashoteleltamboasia.com\/index.php?rest_route=\/wp\/v2\/pages\/25\/revisions"}],"predecessor-version":[{"id":578,"href":"https:\/\/cromotex.reservashoteleltamboasia.com\/index.php?rest_route=\/wp\/v2\/pages\/25\/revisions\/578"}],"wp:attachment":[{"href":"https:\/\/cromotex.reservashoteleltamboasia.com\/index.php?rest_route=%2Fwp%2Fv2%2Fmedia&parent=25"}],"curies":[{"name":"wp","href":"https:\/\/api.w.org\/{rel}","templated":true}]}}